{"id":109,"date":"2025-01-27T10:34:02","date_gmt":"2025-01-27T10:34:02","guid":{"rendered":"https:\/\/sobemila.hr\/index.php\/naslovna-2\/"},"modified":"2025-02-12T09:10:34","modified_gmt":"2025-02-12T09:10:34","slug":"naslovna-2","status":"publish","type":"page","link":"https:\/\/sobemila.hr\/","title":{"rendered":"Naslovna"},"content":{"rendered":"\t\t<div data-elementor-type=\"wp-page\" data-elementor-id=\"109\" class=\"elementor elementor-109\" data-elementor-post-type=\"page\">\n\t\t\t\t<div class=\"elementor-element elementor-element-10a9943f e-flex e-con-boxed e-con e-parent\" data-id=\"10a9943f\" data-element_type=\"container\" data-settings=\"{&quot;background_background&quot;:&quot;classic&quot;}\">\n\t\t\t\t\t<div class=\"e-con-inner\">\n\t\t<div class=\"elementor-element elementor-element-7c8125c9 e-con-full e-flex e-con e-child\" data-id=\"7c8125c9\" data-element_type=\"container\">\n\t\t\t\t<div class=\"elementor-element elementor-element-8d783ec elementor-widget elementor-widget-heading\" data-id=\"8d783ec\" data-element_type=\"widget\" data-widget_type=\"heading.default\">\n\t\t\t\t<div class=\"elementor-widget-container\">\n\t\t\t\t\t<h2 class=\"elementor-heading-title elementor-size-default\">Sobe mila<\/h2>\t\t\t\t<\/div>\n\t\t\t\t<\/div>\n\t\t\t\t<div class=\"elementor-element elementor-element-d0f6410 elementor-widget elementor-widget-heading\" data-id=\"d0f6410\" data-element_type=\"widget\" data-widget_type=\"heading.default\">\n\t\t\t\t<div class=\"elementor-widget-container\">\n\t\t\t\t\t<h1 class=\"elementor-heading-title elementor-size-default\">VUKOVAR&amp;VINKOVCI<\/h1>\t\t\t\t<\/div>\n\t\t\t\t<\/div>\n\t\t\t\t<div class=\"elementor-element elementor-element-47d75a28 elementor-widget-divider--view-line elementor-invisible elementor-widget elementor-widget-divider\" data-id=\"47d75a28\" data-element_type=\"widget\" data-settings=\"{&quot;_animation&quot;:&quot;fadeIn&quot;,&quot;_animation_delay&quot;:&quot;200&quot;}\" data-widget_type=\"divider.default\">\n\t\t\t\t<div class=\"elementor-widget-container\">\n\t\t\t\t\t\t\t<div class=\"elementor-divider\">\n\t\t\t<span class=\"elementor-divider-separator\">\n\t\t\t\t\t\t<\/span>\n\t\t<\/div>\n\t\t\t\t\t\t<\/div>\n\t\t\t\t<\/div>\n\t\t\t\t<div class=\"elementor-element elementor-element-493cb05 elementor-invisible elementor-widget elementor-widget-heading\" data-id=\"493cb05\" data-element_type=\"widget\" data-settings=\"{&quot;_animation&quot;:&quot;fadeIn&quot;,&quot;_animation_delay&quot;:&quot;400&quot;}\" data-widget_type=\"heading.default\">\n\t\t\t\t<div class=\"elementor-widget-container\">\n\t\t\t\t\t<h2 class=\"elementor-heading-title elementor-size-default\">Dobrodo\u0161li<\/h2>\t\t\t\t<\/div>\n\t\t\t\t<\/div>\n\t\t<div class=\"elementor-element elementor-element-e72600e e-grid e-con-full e-con e-child\" data-id=\"e72600e\" data-element_type=\"container\">\n\t\t\t\t<div class=\"elementor-element elementor-element-526ea27 elementor-mobile-align-center elementor-align-left elementor-widget elementor-widget-button\" data-id=\"526ea27\" data-element_type=\"widget\" data-widget_type=\"button.default\">\n\t\t\t\t<div class=\"elementor-widget-container\">\n\t\t\t\t\t\t\t\t\t<div class=\"elementor-button-wrapper\">\n\t\t\t\t\t<a class=\"elementor-button elementor-button-link elementor-size-sm\" href=\"https:\/\/sobemila.hr\/index.php\/vukovar\/\">\n\t\t\t\t\t\t<span class=\"elementor-button-content-wrapper\">\n\t\t\t\t\t\t<span class=\"elementor-button-icon\">\n\t\t\t\t<svg aria-hidden=\"true\" class=\"e-font-icon-svg e-fas-link\" viewBox=\"0 0 512 512\" xmlns=\"http:\/\/www.w3.org\/2000\/svg\"><path d=\"M326.612 185.391c59.747 59.809 58.927 155.698.36 214.59-.11.12-.24.25-.36.37l-67.2 67.2c-59.27 59.27-155.699 59.262-214.96 0-59.27-59.26-59.27-155.7 0-214.96l37.106-37.106c9.84-9.84 26.786-3.3 27.294 10.606.648 17.722 3.826 35.527 9.69 52.721 1.986 5.822.567 12.262-3.783 16.612l-13.087 13.087c-28.026 28.026-28.905 73.66-1.155 101.96 28.024 28.579 74.086 28.749 102.325.51l67.2-67.19c28.191-28.191 28.073-73.757 0-101.83-3.701-3.694-7.429-6.564-10.341-8.569a16.037 16.037 0 0 1-6.947-12.606c-.396-10.567 3.348-21.456 11.698-29.806l21.054-21.055c5.521-5.521 14.182-6.199 20.584-1.731a152.482 152.482 0 0 1 20.522 17.197zM467.547 44.449c-59.261-59.262-155.69-59.27-214.96 0l-67.2 67.2c-.12.12-.25.25-.36.37-58.566 58.892-59.387 154.781.36 214.59a152.454 152.454 0 0 0 20.521 17.196c6.402 4.468 15.064 3.789 20.584-1.731l21.054-21.055c8.35-8.35 12.094-19.239 11.698-29.806a16.037 16.037 0 0 0-6.947-12.606c-2.912-2.005-6.64-4.875-10.341-8.569-28.073-28.073-28.191-73.639 0-101.83l67.2-67.19c28.239-28.239 74.3-28.069 102.325.51 27.75 28.3 26.872 73.934-1.155 101.96l-13.087 13.087c-4.35 4.35-5.769 10.79-3.783 16.612 5.864 17.194 9.042 34.999 9.69 52.721.509 13.906 17.454 20.446 27.294 10.606l37.106-37.106c59.271-59.259 59.271-155.699.001-214.959z\"><\/path><\/svg>\t\t\t<\/span>\n\t\t\t\t\t\t\t\t\t<span class=\"elementor-button-text\">vukovar<\/span>\n\t\t\t\t\t<\/span>\n\t\t\t\t\t<\/a>\n\t\t\t\t<\/div>\n\t\t\t\t\t\t\t\t<\/div>\n\t\t\t\t<\/div>\n\t\t\t\t<div class=\"elementor-element elementor-element-476c73e5 elementor-mobile-align-center elementor-align-left elementor-widget elementor-widget-button\" data-id=\"476c73e5\" data-element_type=\"widget\" data-widget_type=\"button.default\">\n\t\t\t\t<div class=\"elementor-widget-container\">\n\t\t\t\t\t\t\t\t\t<div class=\"elementor-button-wrapper\">\n\t\t\t\t\t<a class=\"elementor-button elementor-button-link elementor-size-sm\" href=\"https:\/\/sobemila.hr\/index.php\/vinkovci-2\/\">\n\t\t\t\t\t\t<span class=\"elementor-button-content-wrapper\">\n\t\t\t\t\t\t<span class=\"elementor-button-icon\">\n\t\t\t\t<svg aria-hidden=\"true\" class=\"e-font-icon-svg e-fas-link\" viewBox=\"0 0 512 512\" xmlns=\"http:\/\/www.w3.org\/2000\/svg\"><path d=\"M326.612 185.391c59.747 59.809 58.927 155.698.36 214.59-.11.12-.24.25-.36.37l-67.2 67.2c-59.27 59.27-155.699 59.262-214.96 0-59.27-59.26-59.27-155.7 0-214.96l37.106-37.106c9.84-9.84 26.786-3.3 27.294 10.606.648 17.722 3.826 35.527 9.69 52.721 1.986 5.822.567 12.262-3.783 16.612l-13.087 13.087c-28.026 28.026-28.905 73.66-1.155 101.96 28.024 28.579 74.086 28.749 102.325.51l67.2-67.19c28.191-28.191 28.073-73.757 0-101.83-3.701-3.694-7.429-6.564-10.341-8.569a16.037 16.037 0 0 1-6.947-12.606c-.396-10.567 3.348-21.456 11.698-29.806l21.054-21.055c5.521-5.521 14.182-6.199 20.584-1.731a152.482 152.482 0 0 1 20.522 17.197zM467.547 44.449c-59.261-59.262-155.69-59.27-214.96 0l-67.2 67.2c-.12.12-.25.25-.36.37-58.566 58.892-59.387 154.781.36 214.59a152.454 152.454 0 0 0 20.521 17.196c6.402 4.468 15.064 3.789 20.584-1.731l21.054-21.055c8.35-8.35 12.094-19.239 11.698-29.806a16.037 16.037 0 0 0-6.947-12.606c-2.912-2.005-6.64-4.875-10.341-8.569-28.073-28.073-28.191-73.639 0-101.83l67.2-67.19c28.239-28.239 74.3-28.069 102.325.51 27.75 28.3 26.872 73.934-1.155 101.96l-13.087 13.087c-4.35 4.35-5.769 10.79-3.783 16.612 5.864 17.194 9.042 34.999 9.69 52.721.509 13.906 17.454 20.446 27.294 10.606l37.106-37.106c59.271-59.259 59.271-155.699.001-214.959z\"><\/path><\/svg>\t\t\t<\/span>\n\t\t\t\t\t\t\t\t\t<span class=\"elementor-button-text\">vinkovci<\/span>\n\t\t\t\t\t<\/span>\n\t\t\t\t\t<\/a>\n\t\t\t\t<\/div>\n\t\t\t\t\t\t\t\t<\/div>\n\t\t\t\t<\/div>\n\t\t\t\t<\/div>\n\t\t\t\t<\/div>\n\t\t<div class=\"elementor-element elementor-element-2ae8886a e-con-full e-flex e-con e-child\" data-id=\"2ae8886a\" data-element_type=\"container\" data-settings=\"{&quot;background_background&quot;:&quot;slideshow&quot;,&quot;background_slideshow_gallery&quot;:[{&quot;id&quot;:211,&quot;url&quot;:&quot;https:\\\/\\\/sobemila.hr\\\/wp-content\\\/uploads\\\/2025\\\/01\\\/602181239.jpg&quot;},{&quot;id&quot;:206,&quot;url&quot;:&quot;https:\\\/\\\/sobemila.hr\\\/wp-content\\\/uploads\\\/2025\\\/01\\\/602181222.jpg&quot;},{&quot;id&quot;:387,&quot;url&quot;:&quot;https:\\\/\\\/sobemila.hr\\\/wp-content\\\/uploads\\\/2025\\\/01\\\/mila-vinkovci-7.jpg&quot;}],&quot;background_slideshow_slide_duration&quot;:4000,&quot;background_slideshow_ken_burns&quot;:&quot;yes&quot;,&quot;animation&quot;:&quot;none&quot;,&quot;background_slideshow_loop&quot;:&quot;yes&quot;,&quot;background_slideshow_slide_transition&quot;:&quot;fade&quot;,&quot;background_slideshow_transition_duration&quot;:500,&quot;background_slideshow_ken_burns_zoom_direction&quot;:&quot;in&quot;}\">\n\t\t\t\t<\/div>\n\t\t\t\t\t<\/div>\n\t\t\t\t<\/div>\n\t\t<div class=\"elementor-element elementor-element-7d36091f e-flex e-con-boxed e-con e-parent\" data-id=\"7d36091f\" data-element_type=\"container\" id=\"about\">\n\t\t\t\t\t<div class=\"e-con-inner\">\n\t\t<div class=\"elementor-element elementor-element-39f151eb e-flex e-con-boxed e-con e-child\" data-id=\"39f151eb\" data-element_type=\"container\">\n\t\t\t\t\t<div class=\"e-con-inner\">\n\t\t\t\t<div class=\"elementor-element elementor-element-112b317a elementor-widget elementor-widget-image\" data-id=\"112b317a\" data-element_type=\"widget\" data-widget_type=\"image.default\">\n\t\t\t\t<div class=\"elementor-widget-container\">\n\t\t\t\t\t\t\t\t\t\t\t\t\t\t\t<img fetchpriority=\"high\" decoding=\"async\" width=\"1024\" height=\"683\" src=\"https:\/\/sobemila.hr\/wp-content\/uploads\/2025\/01\/602181250.jpg\" class=\"attachment-full size-full wp-image-213\" alt=\"\" srcset=\"https:\/\/sobemila.hr\/wp-content\/uploads\/2025\/01\/602181250.jpg 1024w, https:\/\/sobemila.hr\/wp-content\/uploads\/2025\/01\/602181250-300x200.jpg 300w, https:\/\/sobemila.hr\/wp-content\/uploads\/2025\/01\/602181250-768x512.jpg 768w\" sizes=\"(max-width: 1024px) 100vw, 1024px\" \/>\t\t\t\t\t\t\t\t\t\t\t\t\t\t\t<\/div>\n\t\t\t\t<\/div>\n\t\t\t\t\t<\/div>\n\t\t\t\t<\/div>\n\t\t<div class=\"elementor-element elementor-element-1f9d15a4 e-con-full e-flex e-con e-child\" data-id=\"1f9d15a4\" data-element_type=\"container\">\n\t\t\t\t<div class=\"elementor-element elementor-element-6263633 elementor-widget-divider--view-line elementor-invisible elementor-widget elementor-widget-divider\" data-id=\"6263633\" data-element_type=\"widget\" data-settings=\"{&quot;_animation&quot;:&quot;slideInRight&quot;}\" data-widget_type=\"divider.default\">\n\t\t\t\t<div class=\"elementor-widget-container\">\n\t\t\t\t\t\t\t<div class=\"elementor-divider\">\n\t\t\t<span class=\"elementor-divider-separator\">\n\t\t\t\t\t\t<\/span>\n\t\t<\/div>\n\t\t\t\t\t\t<\/div>\n\t\t\t\t<\/div>\n\t\t\t\t<div class=\"elementor-element elementor-element-6b163ed8 elementor-invisible elementor-widget elementor-widget-heading\" data-id=\"6b163ed8\" data-element_type=\"widget\" data-settings=\"{&quot;_animation&quot;:&quot;fadeIn&quot;,&quot;_animation_delay&quot;:&quot;400&quot;}\" data-widget_type=\"heading.default\">\n\t\t\t\t<div class=\"elementor-widget-container\">\n\t\t\t\t\t<h3 class=\"elementor-heading-title elementor-size-default\">dobrodo\u0161li!<\/h3>\t\t\t\t<\/div>\n\t\t\t\t<\/div>\n\t\t\t\t<div class=\"elementor-element elementor-element-1a800572 elementor-widget elementor-widget-text-editor\" data-id=\"1a800572\" data-element_type=\"widget\" data-widget_type=\"text-editor.default\">\n\t\t\t\t<div class=\"elementor-widget-container\">\n\t\t\t\t\t\t\t\t\t<p>Na\u0161i smje\u0161tajni objekti smje\u0161teni su u samom centru Vukovara i u Vinkovcima, pru\u017eaju\u0107i vam savr\u0161enu bazu za istra\u017eivanje ovih gradova i njihovih znamenitosti. S ovim lokacijama, sve \u0161to vam je potrebno nalazi se na samo nekoliko minuta hoda.<\/p><p>U Vukovaru vas o\u010dekuju povijesne znamenitosti poput Vukovarskog vodotornja, simbola hrvatskog zajedni\u0161tva, i Memorijalnog centra Domovinskog rata, koji svjedo\u010di o va\u017enoj povijesti grada. \u0160etnica uz rijeku Dunav nudi opu\u0161taju\u0107e trenutke u prirodi, dok centar grada obiluje trgovinama, kafi\u0107ima i restoranima s autenti\u010dnim slavonskim specijalitetima.<\/p><p>U Vinkovcima, najstarijem europskom gradu, istra\u017eite Muzej grada Vinkovaca i arheolo\u0161ka nalazi\u0161ta koja pri\u010daju pri\u010du o dugoj povijesti. Pro\u0161etajte \u017eivopisnim sredi\u0161tem grada, u\u017eivajte u bogatoj kulturnoj ponudi i posjetite lokalne restorane kako biste isprobali okuse Slavonije.<\/p><p>Bilo da dolazite zbog odmora ili posla, na\u0161e lokacije u Vukovaru i Vinkovcima nude idealan spoj prakti\u010dnosti, povijesti, kulture i prirodnih ljepota. U\u010dinite svoj boravak u ovim slavonskim biserima nezaboravnim!<\/p>\t\t\t\t\t\t\t\t<\/div>\n\t\t\t\t<\/div>\n\t\t\t\t<div class=\"elementor-element elementor-element-42f03649 elementor-widget elementor-widget-button\" data-id=\"42f03649\" data-element_type=\"widget\" data-widget_type=\"button.default\">\n\t\t\t\t<div class=\"elementor-widget-container\">\n\t\t\t\t\t\t\t\t\t<div class=\"elementor-button-wrapper\">\n\t\t\t\t\t<a class=\"elementor-button elementor-button-link elementor-size-sm\" href=\"https:\/\/sobemila.hr\/index.php\/rezervacija\/\">\n\t\t\t\t\t\t<span class=\"elementor-button-content-wrapper\">\n\t\t\t\t\t\t\t\t\t<span class=\"elementor-button-text\">Rezerviraj<\/span>\n\t\t\t\t\t<\/span>\n\t\t\t\t\t<\/a>\n\t\t\t\t<\/div>\n\t\t\t\t\t\t\t\t<\/div>\n\t\t\t\t<\/div>\n\t\t\t\t<\/div>\n\t\t\t\t\t<\/div>\n\t\t\t\t<\/div>\n\t\t<div class=\"elementor-element elementor-element-7b252b82 e-con-full e-flex e-con e-parent\" data-id=\"7b252b82\" data-element_type=\"container\">\n\t\t<div class=\"elementor-element elementor-element-2e279a3d e-con-full e-flex e-con e-child\" data-id=\"2e279a3d\" data-element_type=\"container\" data-settings=\"{&quot;background_background&quot;:&quot;slideshow&quot;,&quot;background_slideshow_gallery&quot;:[{&quot;id&quot;:258,&quot;url&quot;:&quot;https:\\\/\\\/sobemila.hr\\\/wp-content\\\/uploads\\\/2025\\\/01\\\/Foto_Darko-Kesnjer-6-678x380-1.jpg&quot;},{&quot;id&quot;:435,&quot;url&quot;:&quot;https:\\\/\\\/sobemila.hr\\\/wp-content\\\/uploads\\\/2025\\\/01\\\/vinkovci.jpg&quot;}],&quot;background_slideshow_slide_duration&quot;:4000,&quot;background_slideshow_loop&quot;:&quot;yes&quot;,&quot;background_slideshow_slide_transition&quot;:&quot;fade&quot;,&quot;background_slideshow_transition_duration&quot;:500}\">\n\t\t\t\t<\/div>\n\t\t<div class=\"elementor-element elementor-element-2330da49 e-con-full e-flex e-con e-child\" data-id=\"2330da49\" data-element_type=\"container\">\n\t\t\t\t<div class=\"elementor-element elementor-element-7ea483d7 elementor-widget-divider--view-line elementor-invisible elementor-widget elementor-widget-divider\" data-id=\"7ea483d7\" data-element_type=\"widget\" data-settings=\"{&quot;_animation&quot;:&quot;slideInRight&quot;}\" data-widget_type=\"divider.default\">\n\t\t\t\t<div class=\"elementor-widget-container\">\n\t\t\t\t\t\t\t<div class=\"elementor-divider\">\n\t\t\t<span class=\"elementor-divider-separator\">\n\t\t\t\t\t\t<\/span>\n\t\t<\/div>\n\t\t\t\t\t\t<\/div>\n\t\t\t\t<\/div>\n\t\t\t\t<div class=\"elementor-element elementor-element-46f2bc38 elementor-invisible elementor-widget elementor-widget-heading\" data-id=\"46f2bc38\" data-element_type=\"widget\" data-settings=\"{&quot;_animation&quot;:&quot;fadeIn&quot;,&quot;_animation_delay&quot;:&quot;400&quot;}\" data-widget_type=\"heading.default\">\n\t\t\t\t<div class=\"elementor-widget-container\">\n\t\t\t\t\t<h3 class=\"elementor-heading-title elementor-size-default\">Spremni za dolazak?<\/h3>\t\t\t\t<\/div>\n\t\t\t\t<\/div>\n\t\t\t\t<div class=\"elementor-element elementor-element-169e9593 elementor-widget elementor-widget-text-editor\" data-id=\"169e9593\" data-element_type=\"widget\" data-widget_type=\"text-editor.default\">\n\t\t\t\t<div class=\"elementor-widget-container\">\n\t\t\t\t\t\t\t\t\t<p>U\u017eivajte u nezaboravnom odmoru.<\/p>\t\t\t\t\t\t\t\t<\/div>\n\t\t\t\t<\/div>\n\t\t\t\t<div class=\"elementor-element elementor-element-4aa75bb9 elementor-widget elementor-widget-button\" data-id=\"4aa75bb9\" data-element_type=\"widget\" data-widget_type=\"button.default\">\n\t\t\t\t<div class=\"elementor-widget-container\">\n\t\t\t\t\t\t\t\t\t<div class=\"elementor-button-wrapper\">\n\t\t\t\t\t<a class=\"elementor-button elementor-button-link elementor-size-sm\" href=\"https:\/\/sobemila.hr\/index.php\/rezervacija\/\">\n\t\t\t\t\t\t<span class=\"elementor-button-content-wrapper\">\n\t\t\t\t\t\t\t\t\t<span class=\"elementor-button-text\">Rezervacija<\/span>\n\t\t\t\t\t<\/span>\n\t\t\t\t\t<\/a>\n\t\t\t\t<\/div>\n\t\t\t\t\t\t\t\t<\/div>\n\t\t\t\t<\/div>\n\t\t\t\t<\/div>\n\t\t\t\t<\/div>\n\t\t\t\t<\/div>\n\t\t","protected":false},"excerpt":{"rendered":"<p>Sobe mila VUKOVAR&amp;VINKOVCI Dobrodo\u0161li vukovar vinkovci dobrodo\u0161li! Na\u0161i smje\u0161tajni objekti smje\u0161teni su u samom centru Vukovara i u Vinkovcima, pru\u017eaju\u0107i vam savr\u0161enu bazu za istra\u017eivanje ovih gradova i njihovih znamenitosti. S ovim lokacijama, sve \u0161to vam je potrebno nalazi se na samo nekoliko minuta hoda. U Vukovaru vas o\u010dekuju povijesne znamenitosti poput Vukovarskog vodotornja, simbola [&hellip;]<\/p>\n","protected":false},"author":1,"featured_media":0,"parent":0,"menu_order":0,"comment_status":"closed","ping_status":"closed","template":"","meta":{"footnotes":""},"class_list":["post-109","page","type-page","status-publish","hentry"],"yoast_head":"<!-- This site is optimized with the Yoast SEO plugin v24.6 - https:\/\/yoast.com\/wordpress\/plugins\/seo\/ -->\n<title>Naslovna - Sobe Mila<\/title>\n<meta name=\"robots\" content=\"index, follow, max-snippet:-1, max-image-preview:large, max-video-preview:-1\" \/>\n<link rel=\"canonical\" href=\"https:\/\/sobemila.hr\/\" \/>\n<meta property=\"og:locale\" content=\"hr_HR\" \/>\n<meta property=\"og:type\" content=\"article\" \/>\n<meta property=\"og:title\" content=\"Naslovna - Sobe Mila\" \/>\n<meta property=\"og:description\" content=\"Sobe mila VUKOVAR&amp;VINKOVCI Dobrodo\u0161li vukovar vinkovci dobrodo\u0161li! Na\u0161i smje\u0161tajni objekti smje\u0161teni su u samom centru Vukovara i u Vinkovcima, pru\u017eaju\u0107i vam savr\u0161enu bazu za istra\u017eivanje ovih gradova i njihovih znamenitosti. S ovim lokacijama, sve \u0161to vam je potrebno nalazi se na samo nekoliko minuta hoda. U Vukovaru vas o\u010dekuju povijesne znamenitosti poput Vukovarskog vodotornja, simbola [&hellip;]\" \/>\n<meta property=\"og:url\" content=\"https:\/\/sobemila.hr\/\" \/>\n<meta property=\"og:site_name\" content=\"Sobe Mila\" \/>\n<meta property=\"article:modified_time\" content=\"2025-02-12T09:10:34+00:00\" \/>\n<meta property=\"og:image\" content=\"https:\/\/sobemila.hr\/wp-content\/uploads\/2025\/01\/602181250.jpg\" \/>\n\t<meta property=\"og:image:width\" content=\"1024\" \/>\n\t<meta property=\"og:image:height\" content=\"683\" \/>\n\t<meta property=\"og:image:type\" content=\"image\/jpeg\" \/>\n<meta name=\"twitter:card\" content=\"summary_large_image\" \/>\n<meta name=\"twitter:label1\" content=\"Procijenjeno vrijeme \u010ditanja\" \/>\n\t<meta name=\"twitter:data1\" content=\"2 minute\" \/>\n<script type=\"application\/ld+json\" class=\"yoast-schema-graph\">{\"@context\":\"https:\/\/schema.org\",\"@graph\":[{\"@type\":\"WebPage\",\"@id\":\"https:\/\/sobemila.hr\/\",\"url\":\"https:\/\/sobemila.hr\/\",\"name\":\"Naslovna - Sobe Mila\",\"isPartOf\":{\"@id\":\"https:\/\/sobemila.hr\/#website\"},\"primaryImageOfPage\":{\"@id\":\"https:\/\/sobemila.hr\/#primaryimage\"},\"image\":{\"@id\":\"https:\/\/sobemila.hr\/#primaryimage\"},\"thumbnailUrl\":\"https:\/\/sobemila.hr\/wp-content\/uploads\/2025\/01\/602181250.jpg\",\"datePublished\":\"2025-01-27T10:34:02+00:00\",\"dateModified\":\"2025-02-12T09:10:34+00:00\",\"breadcrumb\":{\"@id\":\"https:\/\/sobemila.hr\/#breadcrumb\"},\"inLanguage\":\"hr\",\"potentialAction\":[{\"@type\":\"ReadAction\",\"target\":[\"https:\/\/sobemila.hr\/\"]}]},{\"@type\":\"ImageObject\",\"inLanguage\":\"hr\",\"@id\":\"https:\/\/sobemila.hr\/#primaryimage\",\"url\":\"https:\/\/sobemila.hr\/wp-content\/uploads\/2025\/01\/602181250.jpg\",\"contentUrl\":\"https:\/\/sobemila.hr\/wp-content\/uploads\/2025\/01\/602181250.jpg\"},{\"@type\":\"BreadcrumbList\",\"@id\":\"https:\/\/sobemila.hr\/#breadcrumb\",\"itemListElement\":[{\"@type\":\"ListItem\",\"position\":1,\"name\":\"Po\u010detna stranica\",\"item\":\"https:\/\/sobemila.hr\/\"},{\"@type\":\"ListItem\",\"position\":2,\"name\":\"Naslovna\"}]},{\"@type\":\"WebSite\",\"@id\":\"https:\/\/sobemila.hr\/#website\",\"url\":\"https:\/\/sobemila.hr\/\",\"name\":\"Sobe Mila\",\"description\":\"\",\"publisher\":{\"@id\":\"https:\/\/sobemila.hr\/#organization\"},\"potentialAction\":[{\"@type\":\"SearchAction\",\"target\":{\"@type\":\"EntryPoint\",\"urlTemplate\":\"https:\/\/sobemila.hr\/?s={search_term_string}\"},\"query-input\":{\"@type\":\"PropertyValueSpecification\",\"valueRequired\":true,\"valueName\":\"search_term_string\"}}],\"inLanguage\":\"hr\"},{\"@type\":\"Organization\",\"@id\":\"https:\/\/sobemila.hr\/#organization\",\"name\":\"Sobe Mila\",\"url\":\"https:\/\/sobemila.hr\/\",\"logo\":{\"@type\":\"ImageObject\",\"inLanguage\":\"hr\",\"@id\":\"https:\/\/sobemila.hr\/#\/schema\/logo\/image\/\",\"url\":\"https:\/\/sobemila.hr\/wp-content\/uploads\/2025\/01\/LOGO-SOBE-MILA-3.png\",\"contentUrl\":\"https:\/\/sobemila.hr\/wp-content\/uploads\/2025\/01\/LOGO-SOBE-MILA-3.png\",\"width\":800,\"height\":254,\"caption\":\"Sobe Mila \"},\"image\":{\"@id\":\"https:\/\/sobemila.hr\/#\/schema\/logo\/image\/\"}}]}<\/script>\n<!-- \/ Yoast SEO plugin. -->","yoast_head_json":{"title":"Naslovna - Sobe Mila","robots":{"index":"index","follow":"follow","max-snippet":"max-snippet:-1","max-image-preview":"max-image-preview:large","max-video-preview":"max-video-preview:-1"},"canonical":"https:\/\/sobemila.hr\/","og_locale":"hr_HR","og_type":"article","og_title":"Naslovna - Sobe Mila","og_description":"Sobe mila VUKOVAR&amp;VINKOVCI Dobrodo\u0161li vukovar vinkovci dobrodo\u0161li! Na\u0161i smje\u0161tajni objekti smje\u0161teni su u samom centru Vukovara i u Vinkovcima, pru\u017eaju\u0107i vam savr\u0161enu bazu za istra\u017eivanje ovih gradova i njihovih znamenitosti. S ovim lokacijama, sve \u0161to vam je potrebno nalazi se na samo nekoliko minuta hoda. U Vukovaru vas o\u010dekuju povijesne znamenitosti poput Vukovarskog vodotornja, simbola [&hellip;]","og_url":"https:\/\/sobemila.hr\/","og_site_name":"Sobe Mila","article_modified_time":"2025-02-12T09:10:34+00:00","og_image":[{"width":1024,"height":683,"url":"https:\/\/sobemila.hr\/wp-content\/uploads\/2025\/01\/602181250.jpg","type":"image\/jpeg"}],"twitter_card":"summary_large_image","twitter_misc":{"Procijenjeno vrijeme \u010ditanja":"2 minute"},"schema":{"@context":"https:\/\/schema.org","@graph":[{"@type":"WebPage","@id":"https:\/\/sobemila.hr\/","url":"https:\/\/sobemila.hr\/","name":"Naslovna - Sobe Mila","isPartOf":{"@id":"https:\/\/sobemila.hr\/#website"},"primaryImageOfPage":{"@id":"https:\/\/sobemila.hr\/#primaryimage"},"image":{"@id":"https:\/\/sobemila.hr\/#primaryimage"},"thumbnailUrl":"https:\/\/sobemila.hr\/wp-content\/uploads\/2025\/01\/602181250.jpg","datePublished":"2025-01-27T10:34:02+00:00","dateModified":"2025-02-12T09:10:34+00:00","breadcrumb":{"@id":"https:\/\/sobemila.hr\/#breadcrumb"},"inLanguage":"hr","potentialAction":[{"@type":"ReadAction","target":["https:\/\/sobemila.hr\/"]}]},{"@type":"ImageObject","inLanguage":"hr","@id":"https:\/\/sobemila.hr\/#primaryimage","url":"https:\/\/sobemila.hr\/wp-content\/uploads\/2025\/01\/602181250.jpg","contentUrl":"https:\/\/sobemila.hr\/wp-content\/uploads\/2025\/01\/602181250.jpg"},{"@type":"BreadcrumbList","@id":"https:\/\/sobemila.hr\/#breadcrumb","itemListElement":[{"@type":"ListItem","position":1,"name":"Po\u010detna stranica","item":"https:\/\/sobemila.hr\/"},{"@type":"ListItem","position":2,"name":"Naslovna"}]},{"@type":"WebSite","@id":"https:\/\/sobemila.hr\/#website","url":"https:\/\/sobemila.hr\/","name":"Sobe Mila","description":"","publisher":{"@id":"https:\/\/sobemila.hr\/#organization"},"potentialAction":[{"@type":"SearchAction","target":{"@type":"EntryPoint","urlTemplate":"https:\/\/sobemila.hr\/?s={search_term_string}"},"query-input":{"@type":"PropertyValueSpecification","valueRequired":true,"valueName":"search_term_string"}}],"inLanguage":"hr"},{"@type":"Organization","@id":"https:\/\/sobemila.hr\/#organization","name":"Sobe Mila","url":"https:\/\/sobemila.hr\/","logo":{"@type":"ImageObject","inLanguage":"hr","@id":"https:\/\/sobemila.hr\/#\/schema\/logo\/image\/","url":"https:\/\/sobemila.hr\/wp-content\/uploads\/2025\/01\/LOGO-SOBE-MILA-3.png","contentUrl":"https:\/\/sobemila.hr\/wp-content\/uploads\/2025\/01\/LOGO-SOBE-MILA-3.png","width":800,"height":254,"caption":"Sobe Mila "},"image":{"@id":"https:\/\/sobemila.hr\/#\/schema\/logo\/image\/"}}]}},"_links":{"self":[{"href":"https:\/\/sobemila.hr\/index.php\/wp-json\/wp\/v2\/pages\/109","targetHints":{"allow":["GET"]}}],"collection":[{"href":"https:\/\/sobemila.hr\/index.php\/wp-json\/wp\/v2\/pages"}],"about":[{"href":"https:\/\/sobemila.hr\/index.php\/wp-json\/wp\/v2\/types\/page"}],"author":[{"embeddable":true,"href":"https:\/\/sobemila.hr\/index.php\/wp-json\/wp\/v2\/users\/1"}],"replies":[{"embeddable":true,"href":"https:\/\/sobemila.hr\/index.php\/wp-json\/wp\/v2\/comments?post=109"}],"version-history":[{"count":109,"href":"https:\/\/sobemila.hr\/index.php\/wp-json\/wp\/v2\/pages\/109\/revisions"}],"predecessor-version":[{"id":486,"href":"https:\/\/sobemila.hr\/index.php\/wp-json\/wp\/v2\/pages\/109\/revisions\/486"}],"wp:attachment":[{"href":"https:\/\/sobemila.hr\/index.php\/wp-json\/wp\/v2\/media?parent=109"}],"curies":[{"name":"wp","href":"https:\/\/api.w.org\/{rel}","templated":true}]}}